{"id":1715,"date":"2024-09-29T12:33:38","date_gmt":"2024-09-29T10:33:38","guid":{"rendered":"https:\/\/mendezproperties.net\/home\/"},"modified":"2025-02-20T21:42:15","modified_gmt":"2025-02-20T20:42:15","slug":"home","status":"publish","type":"page","link":"https:\/\/mendezproperties.net\/en\/","title":{"rendered":"Home"},"content":{"rendered":"<div data-elementor-type=\"wp-page\" data-elementor-id=\"1715\" class=\"elementor elementor-1715\" data-elementor-post-type=\"page\">\n\t\t\t\t<div class=\"elementor-element elementor-element-ea5a13b e-con-full e-flex e-con e-parent\" data-id=\"ea5a13b\" data-element_type=\"container\">\n\t\t\t\t<div class=\"elementor-element elementor-element-df47452 elementor--h-position-center elementor--v-position-middle elementor-arrows-position-inside elementor-pagination-position-inside elementor-widget elementor-widget-slides\" data-id=\"df47452\" data-element_type=\"widget\" data-settings=\"{&quot;navigation&quot;:&quot;both&quot;,&quot;autoplay&quot;:&quot;yes&quot;,&quot;pause_on_hover&quot;:&quot;yes&quot;,&quot;pause_on_interaction&quot;:&quot;yes&quot;,&quot;autoplay_speed&quot;:5000,&quot;infinite&quot;:&quot;yes&quot;,&quot;transition&quot;:&quot;slide&quot;,&quot;transition_speed&quot;:500}\" data-widget_type=\"slides.default\">\n\t\t\t\t<div class=\"elementor-widget-container\">\n\t\t\t\t\t<div class=\"elementor-swiper\">\n\t\t\t<div class=\"elementor-slides-wrapper elementor-main-swiper swiper\" dir=\"ltr\" data-animation=\"fadeInUp\">\n\t\t\t\t<div class=\"swiper-wrapper elementor-slides\">\n\t\t\t\t\t\t\t\t\t\t<div class=\"elementor-repeater-item-e374333 swiper-slide\"><div class=\"swiper-slide-bg\" role=\"img\"><\/div><a class=\"swiper-slide-inner\" href=\"https:\/\/mendezproperties.net\/en\/pisos\/\"><div class=\"swiper-slide-contents\"><div class=\"elementor-slide-heading\">Discover the charm of D\u00e9nia.<\/div><div class=\"elementor-slide-description\">\u00a1The comfort you deserve is just one step away!<\/div><div  class=\"elementor-button elementor-slide-button elementor-size-sm\">See more<\/div><\/div><\/a><\/div><div class=\"elementor-repeater-item-7e2f188 swiper-slide\"><div class=\"swiper-slide-bg\" role=\"img\"><\/div><a class=\"swiper-slide-inner\" href=\"https:\/\/mendezproperties.net\/en\/pisos\/\"><div class=\"swiper-slide-contents\"><div class=\"elementor-slide-heading\">Wake up with views of the Mediterranean.<\/div><div class=\"elementor-slide-description\">\u00a1Your perfect corner in D\u00e9nia awaits you!<\/div><div  class=\"elementor-button elementor-slide-button elementor-size-sm\">See more<\/div><\/div><\/a><\/div><div class=\"elementor-repeater-item-81d8ae3 swiper-slide\"><div class=\"swiper-slide-bg\" role=\"img\"><\/div><a class=\"swiper-slide-inner\" href=\"https:\/\/mendezproperties.net\/en\/pisos\/\"><div class=\"swiper-slide-contents\"><div class=\"elementor-slide-heading\">Explore and relax in D\u00e9nia<\/div><div class=\"elementor-slide-description\">\u00a1The serenity you have always looked for!<\/div><div  class=\"elementor-button elementor-slide-button elementor-size-sm\">See more<\/div><\/div><\/a><\/div>\t\t\t\t<\/div>\n\t\t\t\t\t\t\t\t\t\t\t\t\t\t\t<div class=\"swiper-pagination\"><\/div>\n\t\t\t\t\t\t\t\t\t\t\t\t\t\t\t\t<div class=\"elementor-swiper-button elementor-swiper-button-prev\" role=\"button\" tabindex=\"0\">\n\t\t\t\t\t\t\t<svg aria-hidden=\"true\" class=\"e-font-icon-svg e-eicon-chevron-left\" viewbox=\"0 0 1000 1000\" xmlns=\"http:\/\/www.w3.org\/2000\/svg\"><path d=\"M646 125C629 125 613 133 604 142L308 442C296 454 292 471 292 487 292 504 296 521 308 533L604 854C617 867 629 875 646 875 663 875 679 871 692 858 704 846 713 829 713 812 713 796 708 779 692 767L438 487 692 225C700 217 708 204 708 187 708 171 704 154 692 142 675 129 663 125 646 125Z\"><\/path><\/svg>\t\t\t\t\t\t\t<span class=\"elementor-screen-only\" data-no-translation=\"\" data-trp-gettext=\"\">Previous slide<\/span>\n\t\t\t\t\t\t<\/div>\n\t\t\t\t\t\t<div class=\"elementor-swiper-button elementor-swiper-button-next\" role=\"button\" tabindex=\"0\">\n\t\t\t\t\t\t\t<svg aria-hidden=\"true\" class=\"e-font-icon-svg e-eicon-chevron-right\" viewbox=\"0 0 1000 1000\" xmlns=\"http:\/\/www.w3.org\/2000\/svg\"><path d=\"M696 533C708 521 713 504 713 487 713 471 708 454 696 446L400 146C388 133 375 125 354 125 338 125 325 129 313 142 300 154 292 171 292 187 292 204 296 221 308 233L563 492 304 771C292 783 288 800 288 817 288 833 296 850 308 863 321 871 338 875 354 875 371 875 388 867 400 854L696 533Z\"><\/path><\/svg>\t\t\t\t\t\t\t<span class=\"elementor-screen-only\" data-no-translation=\"\" data-trp-gettext=\"\">Next slide<\/span>\n\t\t\t\t\t\t<\/div>\n\t\t\t\t\t\t\t\t\t\t\t\t<\/div>\n\t\t<\/div>\n\t\t\t\t<\/div>\n\t\t\t\t<\/div>\n\t\t\t\t<\/div>\n\t\t<div class=\"elementor-element elementor-element-96bd614 e-flex e-con-boxed e-con e-parent\" data-id=\"96bd614\" data-element_type=\"container\" data-settings=\"{&quot;background_background&quot;:&quot;classic&quot;}\">\n\t\t\t\t\t<div class=\"e-con-inner\">\n\t\t<div class=\"elementor-element elementor-element-f6f7e27 e-flex e-con-boxed e-con e-child\" data-id=\"f6f7e27\" data-element_type=\"container\">\n\t\t\t\t\t<div class=\"e-con-inner\">\n\t\t\t\t<div class=\"elementor-element elementor-element-d16f5b6 elementor-widget elementor-widget-heading\" data-id=\"d16f5b6\" data-element_type=\"widget\" data-widget_type=\"heading.default\">\n\t\t\t\t<div class=\"elementor-widget-container\">\n\t\t\t<h2 class=\"elementor-heading-title elementor-size-default\">Our services<\/h2>\t\t<\/div>\n\t\t\t\t<\/div>\n\t\t\t\t<div class=\"elementor-element elementor-element-49160ad elementor-widget-divider--view-line elementor-widget elementor-widget-divider\" data-id=\"49160ad\" data-element_type=\"widget\" data-widget_type=\"divider.default\">\n\t\t\t\t<div class=\"elementor-widget-container\">\n\t\t\t\t\t<div class=\"elementor-divider\">\n\t\t\t<span class=\"elementor-divider-separator\">\n\t\t\t\t\t\t<\/span>\n\t\t<\/div>\n\t\t\t\t<\/div>\n\t\t\t\t<\/div>\n\t\t<div class=\"elementor-element elementor-element-a306a4a e-flex e-con-boxed e-con e-child\" data-id=\"a306a4a\" data-element_type=\"container\">\n\t\t\t\t\t<div class=\"e-con-inner\">\n\t\t<div class=\"elementor-element elementor-element-5822dc4 e-flex e-con-boxed e-con e-child\" data-id=\"5822dc4\" data-element_type=\"container\">\n\t\t\t\t\t<div class=\"e-con-inner\">\n\t\t\t\t<div class=\"elementor-element elementor-element-85cc8cf elementor-widget elementor-widget-image\" data-id=\"85cc8cf\" data-element_type=\"widget\" data-widget_type=\"image.default\">\n\t\t\t\t<div class=\"elementor-widget-container\">\n\t\t\t\t\t\t\t\t\t\t\t\t\t<img fetchpriority=\"high\" decoding=\"async\" width=\"1080\" height=\"1350\" src=\"https:\/\/mendezproperties.net\/wp-content\/uploads\/2024\/09\/Apartamentos.jpg\" class=\"attachment-full size-full wp-image-1746\" alt=\"\" srcset=\"https:\/\/mendezproperties.net\/wp-content\/uploads\/2024\/09\/Apartamentos.jpg 1080w, https:\/\/mendezproperties.net\/wp-content\/uploads\/2024\/09\/Apartamentos-240x300.jpg 240w, https:\/\/mendezproperties.net\/wp-content\/uploads\/2024\/09\/Apartamentos-819x1024.jpg 819w, https:\/\/mendezproperties.net\/wp-content\/uploads\/2024\/09\/Apartamentos-768x960.jpg 768w\" sizes=\"(max-width: 1080px) 100vw, 1080px\" \/>\t\t\t\t\t\t\t\t\t\t\t\t\t<\/div>\n\t\t\t\t<\/div>\n\t\t\t\t<div class=\"elementor-element elementor-element-66d0917 elementor-widget elementor-widget-image-box\" data-id=\"66d0917\" data-element_type=\"widget\" data-widget_type=\"image-box.default\">\n\t\t\t\t<div class=\"elementor-widget-container\">\n\t\t\t<div class=\"elementor-image-box-wrapper\"><div class=\"elementor-image-box-content\"><h3 class=\"elementor-image-box-title\">Rental of tourist apartments<\/h3><p class=\"elementor-image-box-description\">Live an unforgettable vacation in D\u00e9nia. Enjoy the sun, the sea and the tranquility from a fully equipped tourist apartment designed for your comfort. Our rentals are located in the best areas, ready to offer you the perfect experience. Don't settle for less! Contact us and we will help you find the ideal accommodation for your next vacation.<\/p><\/div><\/div>\t\t<\/div>\n\t\t\t\t<\/div>\n\t\t\t\t\t<\/div>\n\t\t\t\t<\/div>\n\t\t<div class=\"elementor-element elementor-element-39b81fb e-flex e-con-boxed e-con e-child\" data-id=\"39b81fb\" data-element_type=\"container\">\n\t\t\t\t\t<div class=\"e-con-inner\">\n\t\t\t\t<div class=\"elementor-element elementor-element-66dde07 elementor-widget elementor-widget-image\" data-id=\"66dde07\" data-element_type=\"widget\" data-widget_type=\"image.default\">\n\t\t\t\t<div class=\"elementor-widget-container\">\n\t\t\t\t\t\t\t\t\t\t\t\t\t<img decoding=\"async\" width=\"1080\" height=\"1350\" src=\"https:\/\/mendezproperties.net\/wp-content\/uploads\/2024\/09\/administracion.jpg\" class=\"attachment-full size-full wp-image-1747\" alt=\"\" srcset=\"https:\/\/mendezproperties.net\/wp-content\/uploads\/2024\/09\/administracion.jpg 1080w, https:\/\/mendezproperties.net\/wp-content\/uploads\/2024\/09\/administracion-240x300.jpg 240w, https:\/\/mendezproperties.net\/wp-content\/uploads\/2024\/09\/administracion-819x1024.jpg 819w, https:\/\/mendezproperties.net\/wp-content\/uploads\/2024\/09\/administracion-768x960.jpg 768w\" sizes=\"(max-width: 1080px) 100vw, 1080px\" \/>\t\t\t\t\t\t\t\t\t\t\t\t\t<\/div>\n\t\t\t\t<\/div>\n\t\t\t\t<div class=\"elementor-element elementor-element-90cb059 elementor-widget elementor-widget-image-box\" data-id=\"90cb059\" data-element_type=\"widget\" data-widget_type=\"image-box.default\">\n\t\t\t\t<div class=\"elementor-widget-container\">\n\t\t\t<div class=\"elementor-image-box-wrapper\"><div class=\"elementor-image-box-content\"><h3 class=\"elementor-image-box-title\">Property Management<\/h3><p class=\"elementor-image-box-description\">If you have a property in D\u00e9nia, we take care of everything. From maintenance to rental management, we make sure your property is in the best hands. Increase its value without worrying about the details, we do it for you. Let us manage your property so you can enjoy the benefits.<\/p><\/div><\/div>\t\t<\/div>\n\t\t\t\t<\/div>\n\t\t\t\t\t<\/div>\n\t\t\t\t<\/div>\n\t\t<div class=\"elementor-element elementor-element-db379a5 e-flex e-con-boxed e-con e-child\" data-id=\"db379a5\" data-element_type=\"container\">\n\t\t\t\t\t<div class=\"e-con-inner\">\n\t\t\t\t<div class=\"elementor-element elementor-element-ece35b4 elementor-widget elementor-widget-image\" data-id=\"ece35b4\" data-element_type=\"widget\" data-widget_type=\"image.default\">\n\t\t\t\t<div class=\"elementor-widget-container\">\n\t\t\t\t\t\t\t\t\t\t\t\t\t<img decoding=\"async\" width=\"1080\" height=\"1350\" src=\"https:\/\/mendezproperties.net\/wp-content\/uploads\/2024\/09\/Inversion.jpg\" class=\"attachment-full size-full wp-image-1748\" alt=\"\" srcset=\"https:\/\/mendezproperties.net\/wp-content\/uploads\/2024\/09\/Inversion.jpg 1080w, https:\/\/mendezproperties.net\/wp-content\/uploads\/2024\/09\/Inversion-240x300.jpg 240w, https:\/\/mendezproperties.net\/wp-content\/uploads\/2024\/09\/Inversion-819x1024.jpg 819w, https:\/\/mendezproperties.net\/wp-content\/uploads\/2024\/09\/Inversion-768x960.jpg 768w\" sizes=\"(max-width: 1080px) 100vw, 1080px\" \/>\t\t\t\t\t\t\t\t\t\t\t\t\t<\/div>\n\t\t\t\t<\/div>\n\t\t\t\t<div class=\"elementor-element elementor-element-a9f0e53 elementor-widget elementor-widget-image-box\" data-id=\"a9f0e53\" data-element_type=\"widget\" data-widget_type=\"image-box.default\">\n\t\t\t\t<div class=\"elementor-widget-container\">\n\t\t\t<div class=\"elementor-image-box-wrapper\"><div class=\"elementor-image-box-content\"><h3 class=\"elementor-image-box-title\">Real estate investment<\/h3><p class=\"elementor-image-box-description\">D\u00e9nia is not only a tourist destination, but also an excellent investment opportunity. Whether you are looking to purchase a property to enjoy your vacation or invest for the long term, our team is ready to advise you every step of the process. Make your money work for you in one of the most attractive destinations on the Costa Blanca.<\/p><\/div><\/div>\t\t<\/div>\n\t\t\t\t<\/div>\n\t\t\t\t\t<\/div>\n\t\t\t\t<\/div>\n\t\t\t\t\t<\/div>\n\t\t\t\t<\/div>\n\t\t\t\t\t<\/div>\n\t\t\t\t<\/div>\n\t\t\t\t\t<\/div>\n\t\t\t\t<\/div>\n\t\t<div class=\"elementor-element elementor-element-f457a2d e-flex e-con-boxed e-con e-parent\" data-id=\"f457a2d\" data-element_type=\"container\">\n\t\t\t\t\t<div class=\"e-con-inner\">\n\t\t<div class=\"elementor-element elementor-element-3b5731b e-con-full e-flex e-con e-child\" data-id=\"3b5731b\" data-element_type=\"container\">\n\t\t\t\t<div class=\"elementor-element elementor-element-51a9953 elementor-widget elementor-widget-text-editor\" data-id=\"51a9953\" data-element_type=\"widget\" data-widget_type=\"text-editor.default\">\n\t\t\t\t<div class=\"elementor-widget-container\">\n\t\t\t\t\t\t\t<p>About us<\/p>\t\t\t\t\t\t<\/div>\n\t\t\t\t<\/div>\n\t\t\t\t<div class=\"elementor-element elementor-element-375584b elementor-widget elementor-widget-heading\" data-id=\"375584b\" data-element_type=\"widget\" data-widget_type=\"heading.default\">\n\t\t\t\t<div class=\"elementor-widget-container\">\n\t\t\t<h4 class=\"elementor-heading-title elementor-size-default\">Our commitment is to provide you with a memorable experience.<\/h4>\t\t<\/div>\n\t\t\t\t<\/div>\n\t\t\t\t<div class=\"elementor-element elementor-element-a98b1b9 elementor-widget elementor-widget-text-editor\" data-id=\"a98b1b9\" data-element_type=\"widget\" data-widget_type=\"text-editor.default\">\n\t\t\t\t<div class=\"elementor-widget-container\">\n\t\t\t\t\t\t\t<p>We are a family business committed to offering exceptional experiences in the world of vacation rentals and property management. Since our inception in 2020, we have dedicated ourselves to creating a service that prioritizes the comfort, well-being and satisfaction of our clients, adapting to their needs and expectations.<\/p>\t\t\t\t\t\t<\/div>\n\t\t\t\t<\/div>\n\t\t\t\t<div class=\"elementor-element elementor-element-18de470 elementor-mobile-align-center elementor-widget elementor-widget-button\" data-id=\"18de470\" data-element_type=\"widget\" data-widget_type=\"button.default\">\n\t\t\t\t<div class=\"elementor-widget-container\">\n\t\t\t\t\t<div class=\"elementor-button-wrapper\">\n\t\t\t<a class=\"elementor-button elementor-button-link elementor-size-sm\" href=\"https:\/\/mendezproperties.net\/en\/about\/\">\n\t\t\t\t\t\t<span class=\"elementor-button-content-wrapper\">\n\t\t\t\t\t\t\t\t\t<span class=\"elementor-button-text\">Read more<\/span>\n\t\t\t\t\t<\/span>\n\t\t\t\t\t<\/a>\n\t\t<\/div>\n\t\t\t\t<\/div>\n\t\t\t\t<\/div>\n\t\t\t\t<\/div>\n\t\t<div class=\"elementor-element elementor-element-162cad4 elementor-hidden-mobile e-con-full e-flex e-con e-child\" data-id=\"162cad4\" data-element_type=\"container\">\n\t\t\t\t<div class=\"elementor-element elementor-element-8aee090 elementor-widget elementor-widget-image\" data-id=\"8aee090\" data-element_type=\"widget\" data-widget_type=\"image.default\">\n\t\t\t\t<div class=\"elementor-widget-container\">\n\t\t\t\t\t\t\t\t\t\t\t\t\t<img loading=\"lazy\" decoding=\"async\" width=\"1080\" height=\"1509\" src=\"https:\/\/mendezproperties.net\/wp-content\/uploads\/2024\/09\/Mendez-04.jpg\" class=\"attachment-full size-full wp-image-1777\" alt=\"\" srcset=\"https:\/\/mendezproperties.net\/wp-content\/uploads\/2024\/09\/Mendez-04.jpg 1080w, https:\/\/mendezproperties.net\/wp-content\/uploads\/2024\/09\/Mendez-04-215x300.jpg 215w, https:\/\/mendezproperties.net\/wp-content\/uploads\/2024\/09\/Mendez-04-733x1024.jpg 733w, https:\/\/mendezproperties.net\/wp-content\/uploads\/2024\/09\/Mendez-04-768x1073.jpg 768w\" sizes=\"(max-width: 1080px) 100vw, 1080px\" \/>\t\t\t\t\t\t\t\t\t\t\t\t\t<\/div>\n\t\t\t\t<\/div>\n\t\t\t\t<\/div>\n\t\t\t\t\t<\/div>\n\t\t\t\t<\/div>\n\t\t<div class=\"elementor-element elementor-element-75190820 e-con-full e-flex e-con e-parent\" data-id=\"75190820\" data-element_type=\"container\" data-settings=\"{&quot;background_background&quot;:&quot;classic&quot;}\">\n\t\t<div class=\"elementor-element elementor-element-6035375b e-con-full e-flex e-con e-child\" data-id=\"6035375b\" data-element_type=\"container\">\n\t\t\t\t<div class=\"elementor-element elementor-element-6cd56de6 elementor-widget elementor-widget-counter\" data-id=\"6cd56de6\" data-element_type=\"widget\" data-widget_type=\"counter.default\">\n\t\t\t\t<div class=\"elementor-widget-container\">\n\t\t\t\t\t<div class=\"elementor-counter\">\n\t\t\t\t\t\t<div class=\"elementor-counter-number-wrapper\">\n\t\t\t\t<span class=\"elementor-counter-number-prefix\"><\/span>\n\t\t\t\t<span class=\"elementor-counter-number\" data-duration=\"2000\" data-to-value=\"1627\" data-from-value=\"0\" data-delimiter=\",\">0<\/span>\n\t\t\t\t<span class=\"elementor-counter-number-suffix\"><\/span>\n\t\t\t<\/div>\n\t\t<\/div>\n\t\t\t\t<\/div>\n\t\t\t\t<\/div>\n\t\t\t\t<div class=\"elementor-element elementor-element-2a181a2f elementor-widget elementor-widget-image-box\" data-id=\"2a181a2f\" data-element_type=\"widget\" data-widget_type=\"image-box.default\">\n\t\t\t\t<div class=\"elementor-widget-container\">\n\t\t\t<div class=\"elementor-image-box-wrapper\"><div class=\"elementor-image-box-content\"><h4 class=\"elementor-image-box-title\">Reservations<\/h4><\/div><\/div>\t\t<\/div>\n\t\t\t\t<\/div>\n\t\t\t\t<\/div>\n\t\t<div class=\"elementor-element elementor-element-15c491d6 e-con-full e-flex e-con e-child\" data-id=\"15c491d6\" data-element_type=\"container\">\n\t\t\t\t<div class=\"elementor-element elementor-element-f40ee38 elementor-widget elementor-widget-counter\" data-id=\"f40ee38\" data-element_type=\"widget\" data-widget_type=\"counter.default\">\n\t\t\t\t<div class=\"elementor-widget-container\">\n\t\t\t\t\t<div class=\"elementor-counter\">\n\t\t\t\t\t\t<div class=\"elementor-counter-number-wrapper\">\n\t\t\t\t<span class=\"elementor-counter-number-prefix\"><\/span>\n\t\t\t\t<span class=\"elementor-counter-number\" data-duration=\"2000\" data-to-value=\"10\" data-from-value=\"0\" data-delimiter=\",\">0<\/span>\n\t\t\t\t<span class=\"elementor-counter-number-suffix\"><\/span>\n\t\t\t<\/div>\n\t\t<\/div>\n\t\t\t\t<\/div>\n\t\t\t\t<\/div>\n\t\t\t\t<div class=\"elementor-element elementor-element-2faa6ff7 elementor-widget elementor-widget-image-box\" data-id=\"2faa6ff7\" data-element_type=\"widget\" data-widget_type=\"image-box.default\">\n\t\t\t\t<div class=\"elementor-widget-container\">\n\t\t\t<div class=\"elementor-image-box-wrapper\"><div class=\"elementor-image-box-content\"><h4 class=\"elementor-image-box-title\">Properties<\/h4><\/div><\/div>\t\t<\/div>\n\t\t\t\t<\/div>\n\t\t\t\t<\/div>\n\t\t\t\t<\/div>\n\t\t<div class=\"elementor-element elementor-element-eef07f1 e-flex e-con-boxed e-con e-parent\" data-id=\"eef07f1\" data-element_type=\"container\" data-settings=\"{&quot;background_background&quot;:&quot;classic&quot;}\">\n\t\t\t\t\t<div class=\"e-con-inner\">\n\t\t<div class=\"elementor-element elementor-element-2969cd2 e-con-full e-flex e-con e-child\" data-id=\"2969cd2\" data-element_type=\"container\">\n\t\t\t\t<div class=\"elementor-element elementor-element-b386419 elementor-widget elementor-widget-image\" data-id=\"b386419\" data-element_type=\"widget\" data-widget_type=\"image.default\">\n\t\t\t\t<div class=\"elementor-widget-container\">\n\t\t\t\t\t\t\t\t\t\t\t\t\t<img decoding=\"async\" src=\"https:\/\/mendezproperties.net\/wp-content\/uploads\/2021\/11\/quotes.svg\" title=\"\" alt=\"\" loading=\"lazy\" \/>\t\t\t\t\t\t\t\t\t\t\t\t\t<\/div>\n\t\t\t\t<\/div>\n\t\t\t\t<div class=\"elementor-element elementor-element-e609acf elementor-widget elementor-widget-heading\" data-id=\"e609acf\" data-element_type=\"widget\" data-widget_type=\"heading.default\">\n\t\t\t\t<div class=\"elementor-widget-container\">\n\t\t\t<h4 class=\"elementor-heading-title elementor-size-default\">\u201cVacation is about having nothing to do and all day to do it.\u201d<\/h4>\t\t<\/div>\n\t\t\t\t<\/div>\n\t\t\t\t<div class=\"elementor-element elementor-element-012264a elementor-widget elementor-widget-image\" data-id=\"012264a\" data-element_type=\"widget\" data-widget_type=\"image.default\">\n\t\t\t\t<div class=\"elementor-widget-container\">\n\t\t\t\t\t\t\t\t\t\t\t\t\t<img loading=\"lazy\" decoding=\"async\" width=\"300\" height=\"450\" src=\"https:\/\/mendezproperties.net\/wp-content\/uploads\/2024\/09\/robert_orben-088737540407893-nm_200.jpg\" class=\"attachment-full size-full wp-image-1742\" alt=\"\" srcset=\"https:\/\/mendezproperties.net\/wp-content\/uploads\/2024\/09\/robert_orben-088737540407893-nm_200.jpg 300w, https:\/\/mendezproperties.net\/wp-content\/uploads\/2024\/09\/robert_orben-088737540407893-nm_200-200x300.jpg 200w\" sizes=\"(max-width: 300px) 100vw, 300px\" \/>\t\t\t\t\t\t\t\t\t\t\t\t\t<\/div>\n\t\t\t\t<\/div>\n\t\t\t\t<div class=\"elementor-element elementor-element-f8ed883 elementor-widget elementor-widget-text-editor\" data-id=\"f8ed883\" data-element_type=\"widget\" data-widget_type=\"text-editor.default\">\n\t\t\t\t<div class=\"elementor-widget-container\">\n\t\t\t\t\t\t\t<p>Robert Orben<\/p>\t\t\t\t\t\t<\/div>\n\t\t\t\t<\/div>\n\t\t\t\t<\/div>\n\t\t\t\t\t<\/div>\n\t\t\t\t<\/div>\n\t\t\t\t<\/div>","protected":false},"excerpt":{"rendered":"<p>Descubre el encanto de D\u00e9nia.\u00a1El confort que mereces est\u00e1 a un paso!Ver m\u00e1sDespierta con vistas al Mediterr\u00e1neo.\u00a1Tu rinc\u00f3n perfecto en D\u00e9nia te espera!Ver m\u00e1sExplora D\u00e9nia y descansa en el mejor refugio.\u00a1La serenidad que siempre has buscado!Ver m\u00e1s Previous slide Next slide Nuestros servicios Alquiler de apartamentos tur\u00edsticos Vive unas vacaciones inolvidables en D\u00e9nia. Disfruta del [&hellip;]<\/p>","protected":false},"author":1,"featured_media":0,"parent":0,"menu_order":0,"comment_status":"closed","ping_status":"closed","template":"","meta":{"site-sidebar-layout":"no-sidebar","site-content-layout":"page-builder","ast-site-content-layout":"full-width-container","site-content-style":"unboxed","site-sidebar-style":"unboxed","ast-global-header-display":"","ast-banner-title-visibility":"","ast-main-header-display":"","ast-hfb-above-header-display":"","ast-hfb-below-header-display":"","ast-hfb-mobile-header-display":"","site-post-title":"disabled","ast-breadcrumbs-content":"","ast-featured-img":"disabled","footer-sml-layout":"","theme-transparent-header-meta":"disabled","adv-header-id-meta":"","stick-header-meta":"","header-above-stick-meta":"","header-main-stick-meta":"","header-below-stick-meta":"","astra-migrate-meta-layouts":"set","ast-page-background-enabled":"default","ast-page-background-meta":{"desktop":{"background-color":"var(--ast-global-color-4)","background-image":"","background-repeat":"repeat","background-position":"center center","background-size":"auto","background-attachment":"scroll","background-type":"","background-media":"","overlay-type":"","overlay-color":"","overlay-opacity":"","overlay-gradient":""},"tablet":{"background-color":"","background-image":"","background-repeat":"repeat","background-position":"center center","background-size":"auto","background-attachment":"scroll","background-type":"","background-media":"","overlay-type":"","overlay-color":"","overlay-opacity":"","overlay-gradient":""},"mobile":{"background-color":"","background-image":"","background-repeat":"repeat","background-position":"center center","background-size":"auto","background-attachment":"scroll","background-type":"","background-media":"","overlay-type":"","overlay-color":"","overlay-opacity":"","overlay-gradient":""}},"ast-content-background-meta":{"desktop":{"background-color":"var(--ast-global-color-5)","background-image":"","background-repeat":"repeat","background-position":"center center","background-size":"auto","background-attachment":"scroll","background-type":"","background-media":"","overlay-type":"","overlay-color":"","overlay-opacity":"","overlay-gradient":""},"tablet":{"background-color":"var(--ast-global-color-5)","background-image":"","background-repeat":"repeat","background-position":"center center","background-size":"auto","background-attachment":"scroll","background-type":"","background-media":"","overlay-type":"","overlay-color":"","overlay-opacity":"","overlay-gradient":""},"mobile":{"background-color":"var(--ast-global-color-5)","background-image":"","background-repeat":"repeat","background-position":"center center","background-size":"auto","background-attachment":"scroll","background-type":"","background-media":"","overlay-type":"","overlay-color":"","overlay-opacity":"","overlay-gradient":""}},"footnotes":""},"class_list":["post-1715","page","type-page","status-publish","hentry"],"_links":{"self":[{"href":"https:\/\/mendezproperties.net\/en\/wp-json\/wp\/v2\/pages\/1715","targetHints":{"allow":["GET"]}}],"collection":[{"href":"https:\/\/mendezproperties.net\/en\/wp-json\/wp\/v2\/pages"}],"about":[{"href":"https:\/\/mendezproperties.net\/en\/wp-json\/wp\/v2\/types\/page"}],"author":[{"embeddable":true,"href":"https:\/\/mendezproperties.net\/en\/wp-json\/wp\/v2\/users\/1"}],"replies":[{"embeddable":true,"href":"https:\/\/mendezproperties.net\/en\/wp-json\/wp\/v2\/comments?post=1715"}],"version-history":[{"count":233,"href":"https:\/\/mendezproperties.net\/en\/wp-json\/wp\/v2\/pages\/1715\/revisions"}],"predecessor-version":[{"id":3892,"href":"https:\/\/mendezproperties.net\/en\/wp-json\/wp\/v2\/pages\/1715\/revisions\/3892"}],"wp:attachment":[{"href":"https:\/\/mendezproperties.net\/en\/wp-json\/wp\/v2\/media?parent=1715"}],"curies":[{"name":"wp","href":"https:\/\/api.w.org\/{rel}","templated":true}]}}